{"id":12200,"date":"2026-01-04T01:16:06","date_gmt":"2026-01-03T22:16:06","guid":{"rendered":"https:\/\/tevalliparasols.com.tr\/contact\/"},"modified":"2026-02-05T14:19:28","modified_gmt":"2026-02-05T11:19:28","slug":"contact","status":"publish","type":"page","link":"https:\/\/tevalliparasols.com.tr\/en\/contact\/","title":{"rendered":"Contact"},"content":{"rendered":"\t\t<div data-elementor-type=\"wp-page\" data-elementor-id=\"12200\" class=\"elementor elementor-12200 elementor-28\">\n\t\t\t\t<div class=\"wd-negative-gap elementor-element elementor-element-c518739 e-flex e-con-boxed e-con e-parent\" data-id=\"c518739\" data-element_type=\"container\" data-e-type=\"container\">\n\t\t\t\t\t<div class=\"e-con-inner\">\n\t\t\t\t<div class=\"elementor-element elementor-element-0e00d25 wd-width-100 elementor-widget elementor-widget-wd_title\" data-id=\"0e00d25\" data-element_type=\"widget\" data-e-type=\"widget\" data-widget_type=\"wd_title.default\">\n\t\t\t\t<div class=\"elementor-widget-container\">\n\t\t\t\t\t\t\t<div class=\"title-wrapper wd-set-mb reset-last-child wd-title-color-default wd-title-style-default wd-title-size-default text-center\">\n\n\t\t\t\n\t\t\t<div class=\"liner-continer\">\n\t\t\t\t<h4 class=\"woodmart-title-container title wd-fontsize-l\">CONTACT US<\/h4> \n\t\t\t\t\t\t\t<\/div>\n\n\t\t\t\t\t\t\t<div class=\"title-after_title reset-last-child wd-fontsize-xs\">\n\t\t\t\t\t<p>For any questions about our brand, our products, or anything else you may have, please contact us.<\/p>\t\t\t\t<\/div>\n\t\t\t\t\t<\/div>\n\t\t\t\t\t\t<\/div>\n\t\t\t\t<\/div>\n\t\t\t\t\t<\/div>\n\t\t\t\t<\/div>\n\t\t<div class=\"wd-negative-gap elementor-element elementor-element-5898ef6 e-flex e-con-boxed e-con e-parent\" data-id=\"5898ef6\" data-element_type=\"container\" data-e-type=\"container\">\n\t\t\t\t\t<div class=\"e-con-inner\">\n\t\t<div class=\"elementor-element elementor-element-4e49620 e-con-full e-flex e-con e-child\" data-id=\"4e49620\" data-element_type=\"container\" data-e-type=\"container\">\n\t\t\t\t<div class=\"elementor-element elementor-element-8876821 elementor-widget elementor-widget-wd_infobox\" data-id=\"8876821\" data-element_type=\"widget\" data-e-type=\"widget\" data-widget_type=\"wd_infobox.default\">\n\t\t\t\t<div class=\"elementor-widget-container\">\n\t\t\t\t\t\t\t<div class=\"info-box-wrapper\">\n\t\t\t<div class=\"wd-info-box text-center box-icon-align-top box-style-base color-scheme-\">\n\t\t\t\t\t\t\t\t\t<div class=\"box-icon-wrapper  box-with-icon box-icon-simple\">\n\t\t\t\t\t\t<div class=\"info-box-icon\">\n\t\t\t\t\t\t\t\t\t\t\t\t\t\t\t<img loading=\"lazy\" decoding=\"async\" width=\"35\" height=\"35\" src=\"https:\/\/tevalliparasols.com.tr\/wp-content\/uploads\/2026\/01\/phone-call-2-35x35.png\" class=\"attachment-35x35 size-35x35\" alt=\"\" srcset=\"https:\/\/tevalliparasols.com.tr\/wp-content\/uploads\/2026\/01\/phone-call-2-35x35.png 35w, https:\/\/tevalliparasols.com.tr\/wp-content\/uploads\/2026\/01\/phone-call-2-150x150.png 150w, https:\/\/tevalliparasols.com.tr\/wp-content\/uploads\/2026\/01\/phone-call-2-300x300.png 300w, https:\/\/tevalliparasols.com.tr\/wp-content\/uploads\/2026\/01\/phone-call-2-50x50.png 50w, https:\/\/tevalliparasols.com.tr\/wp-content\/uploads\/2026\/01\/phone-call-2.png 512w\" sizes=\"auto, (max-width: 35px) 100vw, 35px\" \/>\t\t\t\t\t\t\t\t\t\t\t\t\t<\/div>\n\t\t\t\t\t<\/div>\n\t\t\t\t\n\t\t\t\t<div class=\"info-box-content\">\n\t\t\t\t\t\n\t\t\t\t\t\t\t\t\t\t\t<h4\t\t\t\t\t\tclass=\"info-box-title title box-title-style-default wd-fontsize-m\" data-elementor-setting-key=\"title\">\n\t\t\t\t\t\t\t\tPHONE\t\t\t\t\t\t<\/h4>\n\t\t\t\t\t\n\t\t\t\t\t<div class=\"info-box-inner reset-last-child\"data-elementor-setting-key=\"content\"><p>0 212 659 61 59<\/p>\n<\/div>\n\n\t\t\t\t\t\t\t\t\t<\/div>\n\n\t\t\t\t\t\t\t\t\t<a href=\"tel:+902126596159\" class=\"wd-info-box-link wd-fill\" aria-label=\"Infobox link\"><\/a>\n\t\t\t\t\t\t\t<\/div>\n\t\t<\/div>\n\t\t\t\t\t\t<\/div>\n\t\t\t\t<\/div>\n\t\t\t\t<\/div>\n\t\t<div class=\"elementor-element elementor-element-6cbd64d e-con-full e-flex e-con e-child\" data-id=\"6cbd64d\" data-element_type=\"container\" data-e-type=\"container\">\n\t\t\t\t<div class=\"elementor-element elementor-element-3f1e3a9 elementor-widget elementor-widget-wd_infobox\" data-id=\"3f1e3a9\" data-element_type=\"widget\" data-e-type=\"widget\" data-widget_type=\"wd_infobox.default\">\n\t\t\t\t<div class=\"elementor-widget-container\">\n\t\t\t\t\t\t\t<div class=\"info-box-wrapper\">\n\t\t\t<div class=\"wd-info-box text-center box-icon-align-top box-style-base color-scheme-\">\n\t\t\t\t\t\t\t\t\t<div class=\"box-icon-wrapper  box-with-icon box-icon-simple\">\n\t\t\t\t\t\t<div class=\"info-box-icon\">\n\t\t\t\t\t\t\t\t\t\t\t\t\t\t\t<img loading=\"lazy\" decoding=\"async\" width=\"35\" height=\"35\" src=\"https:\/\/tevalliparasols.com.tr\/wp-content\/uploads\/2026\/01\/whatsapp-35x35.png\" class=\"attachment-35x35 size-35x35\" alt=\"\" srcset=\"https:\/\/tevalliparasols.com.tr\/wp-content\/uploads\/2026\/01\/whatsapp-35x35.png 35w, https:\/\/tevalliparasols.com.tr\/wp-content\/uploads\/2026\/01\/whatsapp-150x150.png 150w, https:\/\/tevalliparasols.com.tr\/wp-content\/uploads\/2026\/01\/whatsapp-300x300.png 300w, https:\/\/tevalliparasols.com.tr\/wp-content\/uploads\/2026\/01\/whatsapp.png 512w\" sizes=\"auto, (max-width: 35px) 100vw, 35px\" \/>\t\t\t\t\t\t\t\t\t\t\t\t\t<\/div>\n\t\t\t\t\t<\/div>\n\t\t\t\t\n\t\t\t\t<div class=\"info-box-content\">\n\t\t\t\t\t\n\t\t\t\t\t\t\t\t\t\t\t<h4\t\t\t\t\t\tclass=\"info-box-title title box-title-style-default wd-fontsize-m\" data-elementor-setting-key=\"title\">\n\t\t\t\t\t\t\t\tWHATSAPP\t\t\t\t\t\t<\/h4>\n\t\t\t\t\t\n\t\t\t\t\t<div class=\"info-box-inner reset-last-child\"data-elementor-setting-key=\"content\"><p>0 554 534 78 69<\/p>\n<\/div>\n\n\t\t\t\t\t\t\t\t\t<\/div>\n\n\t\t\t\t\t\t\t\t\t<a href=\"https:\/\/wa.me\/+905545347869\" class=\"wd-info-box-link wd-fill\" aria-label=\"Infobox link\" target=\"_blank\" rel=\"noopener\"><\/a>\n\t\t\t\t\t\t\t<\/div>\n\t\t<\/div>\n\t\t\t\t\t\t<\/div>\n\t\t\t\t<\/div>\n\t\t\t\t<\/div>\n\t\t<div class=\"elementor-element elementor-element-5c806fd e-con-full e-flex e-con e-child\" data-id=\"5c806fd\" data-element_type=\"container\" data-e-type=\"container\">\n\t\t\t\t<div class=\"elementor-element elementor-element-c93cc59 elementor-widget elementor-widget-wd_infobox\" data-id=\"c93cc59\" data-element_type=\"widget\" data-e-type=\"widget\" data-widget_type=\"wd_infobox.default\">\n\t\t\t\t<div class=\"elementor-widget-container\">\n\t\t\t\t\t\t\t<div class=\"info-box-wrapper\">\n\t\t\t<div class=\"wd-info-box text-center box-icon-align-top box-style-base color-scheme-\">\n\t\t\t\t\t\t\t\t\t<div class=\"box-icon-wrapper  box-with-icon box-icon-simple\">\n\t\t\t\t\t\t<div class=\"info-box-icon\">\n\t\t\t\t\t\t\t\t\t\t\t\t\t\t\t<img loading=\"lazy\" decoding=\"async\" width=\"35\" height=\"35\" src=\"https:\/\/tevalliparasols.com.tr\/wp-content\/uploads\/2026\/01\/email-35x35.png\" class=\"attachment-35x35 size-35x35\" alt=\"\" srcset=\"https:\/\/tevalliparasols.com.tr\/wp-content\/uploads\/2026\/01\/email-35x35.png 35w, https:\/\/tevalliparasols.com.tr\/wp-content\/uploads\/2026\/01\/email-150x150.png 150w, https:\/\/tevalliparasols.com.tr\/wp-content\/uploads\/2026\/01\/email-300x300.png 300w, https:\/\/tevalliparasols.com.tr\/wp-content\/uploads\/2026\/01\/email.png 512w\" sizes=\"auto, (max-width: 35px) 100vw, 35px\" \/>\t\t\t\t\t\t\t\t\t\t\t\t\t<\/div>\n\t\t\t\t\t<\/div>\n\t\t\t\t\n\t\t\t\t<div class=\"info-box-content\">\n\t\t\t\t\t\n\t\t\t\t\t\t\t\t\t\t\t<h4\t\t\t\t\t\tclass=\"info-box-title title box-title-style-default wd-fontsize-m\" data-elementor-setting-key=\"title\">\n\t\t\t\t\t\t\t\tE-MAIL\t\t\t\t\t\t<\/h4>\n\t\t\t\t\t\n\t\t\t\t\t<div class=\"info-box-inner reset-last-child\"data-elementor-setting-key=\"content\"><p>info@tevalliparasols.com.tr<\/p>\n<\/div>\n\n\t\t\t\t\t\t\t\t\t<\/div>\n\n\t\t\t\t\t\t\t\t\t<a href=\"mailto:info@tevalliparasols.com.tr\" class=\"wd-info-box-link wd-fill\" aria-label=\"Infobox link\"><\/a>\n\t\t\t\t\t\t\t<\/div>\n\t\t<\/div>\n\t\t\t\t\t\t<\/div>\n\t\t\t\t<\/div>\n\t\t\t\t<\/div>\n\t\t\t\t\t<\/div>\n\t\t\t\t<\/div>\n\t\t<div class=\"wd-negative-gap elementor-element elementor-element-e2ba78b e-flex e-con-boxed e-con e-parent\" data-id=\"e2ba78b\" data-element_type=\"container\" data-e-type=\"container\">\n\t\t\t\t\t<div class=\"e-con-inner\">\n\t\t<div class=\"elementor-element elementor-element-9597afe e-con-full e-flex e-con e-child\" data-id=\"9597afe\" data-element_type=\"container\" data-e-type=\"container\">\n\t\t\t\t<div class=\"elementor-element elementor-element-dccfed5 elementor-widget elementor-widget-wd_infobox\" data-id=\"dccfed5\" data-element_type=\"widget\" data-e-type=\"widget\" data-widget_type=\"wd_infobox.default\">\n\t\t\t\t<div class=\"elementor-widget-container\">\n\t\t\t\t\t\t\t<div class=\"info-box-wrapper\">\n\t\t\t<div class=\"wd-info-box text-center box-icon-align-top box-style-base color-scheme-\">\n\t\t\t\t\t\t\t\t\t<div class=\"box-icon-wrapper  box-with-icon box-icon-simple\">\n\t\t\t\t\t\t<div class=\"info-box-icon\">\n\t\t\t\t\t\t\t\t\t\t\t\t\t\t\t<img loading=\"lazy\" decoding=\"async\" width=\"35\" height=\"35\" src=\"https:\/\/tevalliparasols.com.tr\/wp-content\/uploads\/2026\/01\/maps-and-flags-1-35x35.png\" class=\"attachment-35x35 size-35x35\" alt=\"\" srcset=\"https:\/\/tevalliparasols.com.tr\/wp-content\/uploads\/2026\/01\/maps-and-flags-1-35x35.png 35w, https:\/\/tevalliparasols.com.tr\/wp-content\/uploads\/2026\/01\/maps-and-flags-1-150x150.png 150w, https:\/\/tevalliparasols.com.tr\/wp-content\/uploads\/2026\/01\/maps-and-flags-1-300x300.png 300w, https:\/\/tevalliparasols.com.tr\/wp-content\/uploads\/2026\/01\/maps-and-flags-1.png 512w\" sizes=\"auto, (max-width: 35px) 100vw, 35px\" \/>\t\t\t\t\t\t\t\t\t\t\t\t\t<\/div>\n\t\t\t\t\t<\/div>\n\t\t\t\t\n\t\t\t\t<div class=\"info-box-content\">\n\t\t\t\t\t\n\t\t\t\t\t\t\t\t\t\t\t<h4\t\t\t\t\t\tclass=\"info-box-title title box-title-style-default wd-fontsize-m\" data-elementor-setting-key=\"title\">\n\t\t\t\t\t\t\t\tSHOWROOM\t\t\t\t\t\t<\/h4>\n\t\t\t\t\t\n\t\t\t\t\t<div class=\"info-box-inner reset-last-child\"data-elementor-setting-key=\"content\"><p>\u0130kitelli OSB Mah., Masko Mobilya Kenti, Masko AVM, Meydan Fuaye Alan\u0131<\/p>\n<p>Ba\u015fak\u015fehir - \u0130stanbul<\/p>\n<\/div>\n\n\t\t\t\t\t\t\t\t\t<\/div>\n\n\t\t\t\t\t\t\t<\/div>\n\t\t<\/div>\n\t\t\t\t\t\t<\/div>\n\t\t\t\t<\/div>\n\t\t\t\t<\/div>\n\t\t<div class=\"elementor-element elementor-element-d619f93 e-con-full e-flex e-con e-child\" data-id=\"d619f93\" data-element_type=\"container\" data-e-type=\"container\">\n\t\t\t\t<div class=\"elementor-element elementor-element-c453aae elementor-widget elementor-widget-google_maps\" data-id=\"c453aae\" data-element_type=\"widget\" data-e-type=\"widget\" data-widget_type=\"google_maps.default\">\n\t\t\t\t\t\t\t<div class=\"elementor-custom-embed\">\n\t\t\t<iframe loading=\"lazy\"\n\t\t\t\t\tsrc=\"https:\/\/maps.google.com\/maps?q=Masko%20AVM&#038;t=m&#038;z=10&#038;output=embed&#038;iwloc=near\"\n\t\t\t\t\ttitle=\"Masko AVM\"\n\t\t\t\t\taria-label=\"Masko AVM\"\n\t\t\t><\/iframe>\n\t\t<\/div>\n\t\t\t\t\t\t<\/div>\n\t\t\t\t<\/div>\n\t\t\t\t\t<\/div>\n\t\t\t\t<\/div>\n\t\t<div class=\"wd-negative-gap elementor-element elementor-element-f1e2bc4 e-flex e-con-boxed e-con e-parent\" data-id=\"f1e2bc4\" data-element_type=\"container\" data-e-type=\"container\">\n\t\t\t\t\t<div class=\"e-con-inner\">\n\t\t<div class=\"elementor-element elementor-element-0b5af6c e-con-full e-flex e-con e-child\" data-id=\"0b5af6c\" data-element_type=\"container\" data-e-type=\"container\">\n\t\t\t\t<div class=\"elementor-element elementor-element-9d842ec elementor-widget elementor-widget-wd_infobox\" data-id=\"9d842ec\" data-element_type=\"widget\" data-e-type=\"widget\" data-widget_type=\"wd_infobox.default\">\n\t\t\t\t<div class=\"elementor-widget-container\">\n\t\t\t\t\t\t\t<div class=\"info-box-wrapper\">\n\t\t\t<div class=\"wd-info-box text-center box-icon-align-top box-style-base color-scheme-\">\n\t\t\t\t\t\t\t\t\t<div class=\"box-icon-wrapper  box-with-icon box-icon-simple\">\n\t\t\t\t\t\t<div class=\"info-box-icon\">\n\t\t\t\t\t\t\t\t\t\t\t\t\t\t\t<img loading=\"lazy\" decoding=\"async\" width=\"35\" height=\"35\" src=\"https:\/\/tevalliparasols.com.tr\/wp-content\/uploads\/2026\/01\/maps-and-flags-1-35x35.png\" class=\"attachment-35x35 size-35x35\" alt=\"\" srcset=\"https:\/\/tevalliparasols.com.tr\/wp-content\/uploads\/2026\/01\/maps-and-flags-1-35x35.png 35w, https:\/\/tevalliparasols.com.tr\/wp-content\/uploads\/2026\/01\/maps-and-flags-1-150x150.png 150w, https:\/\/tevalliparasols.com.tr\/wp-content\/uploads\/2026\/01\/maps-and-flags-1-300x300.png 300w, https:\/\/tevalliparasols.com.tr\/wp-content\/uploads\/2026\/01\/maps-and-flags-1.png 512w\" sizes=\"auto, (max-width: 35px) 100vw, 35px\" \/>\t\t\t\t\t\t\t\t\t\t\t\t\t<\/div>\n\t\t\t\t\t<\/div>\n\t\t\t\t\n\t\t\t\t<div class=\"info-box-content\">\n\t\t\t\t\t\n\t\t\t\t\t\t\t\t\t\t\t<h4\t\t\t\t\t\tclass=\"info-box-title title box-title-style-default wd-fontsize-m\" data-elementor-setting-key=\"title\">\n\t\t\t\t\t\t\t\tOFFICE\t\t\t\t\t\t<\/h4>\n\t\t\t\t\t\n\t\t\t\t\t<div class=\"info-box-inner reset-last-child\"data-elementor-setting-key=\"content\"><p>Mahmutbey Mah., 2427 Sok., \u0130STO\u00c7 8. Ada, No: 161-163<\/p>\n<p>Ba\u011fc\u0131lar - \u0130stanbul<\/p>\n<\/div>\n\n\t\t\t\t\t\t\t\t\t<\/div>\n\n\t\t\t\t\t\t\t<\/div>\n\t\t<\/div>\n\t\t\t\t\t\t<\/div>\n\t\t\t\t<\/div>\n\t\t\t\t<\/div>\n\t\t<div class=\"elementor-element elementor-element-756db3c e-con-full e-flex e-con e-child\" data-id=\"756db3c\" data-element_type=\"container\" data-e-type=\"container\">\n\t\t\t\t<div class=\"elementor-element elementor-element-e2f1f6f elementor-widget elementor-widget-google_maps\" data-id=\"e2f1f6f\" data-element_type=\"widget\" data-e-type=\"widget\" data-widget_type=\"google_maps.default\">\n\t\t\t\t\t\t\t<div class=\"elementor-custom-embed\">\n\t\t\t<iframe loading=\"lazy\"\n\t\t\t\t\tsrc=\"https:\/\/maps.google.com\/maps?q=Mahmutbey%20Mah.%2C%202427%20Sok.%20No%3A161&#038;t=m&#038;z=10&#038;output=embed&#038;iwloc=near\"\n\t\t\t\t\ttitle=\"Mahmutbey Mah., 2427 Sok. No:161\"\n\t\t\t\t\taria-label=\"Mahmutbey Mah., 2427 Sok. No:161\"\n\t\t\t><\/iframe>\n\t\t<\/div>\n\t\t\t\t\t\t<\/div>\n\t\t\t\t<\/div>\n\t\t\t\t\t<\/div>\n\t\t\t\t<\/div>\n\t\t\t\t<\/div>\n\t\t","protected":false},"excerpt":{"rendered":"<p>CONTACT US For any questions about our brand, our products, or anything else you may have, please contact us. PHONE<\/p>\n","protected":false},"author":1,"featured_media":13836,"parent":0,"menu_order":0,"comment_status":"closed","ping_status":"closed","template":"","meta":{"footnotes":""},"class_list":["post-12200","page","type-page","status-publish","has-post-thumbnail","hentry"],"_links":{"self":[{"href":"https:\/\/tevalliparasols.com.tr\/en\/wp-json\/wp\/v2\/pages\/12200","targetHints":{"allow":["GET"]}}],"collection":[{"href":"https:\/\/tevalliparasols.com.tr\/en\/wp-json\/wp\/v2\/pages"}],"about":[{"href":"https:\/\/tevalliparasols.com.tr\/en\/wp-json\/wp\/v2\/types\/page"}],"author":[{"embeddable":true,"href":"https:\/\/tevalliparasols.com.tr\/en\/wp-json\/wp\/v2\/users\/1"}],"replies":[{"embeddable":true,"href":"https:\/\/tevalliparasols.com.tr\/en\/wp-json\/wp\/v2\/comments?post=12200"}],"version-history":[{"count":4,"href":"https:\/\/tevalliparasols.com.tr\/en\/wp-json\/wp\/v2\/pages\/12200\/revisions"}],"predecessor-version":[{"id":12457,"href":"https:\/\/tevalliparasols.com.tr\/en\/wp-json\/wp\/v2\/pages\/12200\/revisions\/12457"}],"wp:featuredmedia":[{"embeddable":true,"href":"https:\/\/tevalliparasols.com.tr\/en\/wp-json\/wp\/v2\/media\/13836"}],"wp:attachment":[{"href":"https:\/\/tevalliparasols.com.tr\/en\/wp-json\/wp\/v2\/media?parent=12200"}],"curies":[{"name":"wp","href":"https:\/\/api.w.org\/{rel}","templated":true}]}}