{"id":12209,"date":"2026-01-13T22:38:49","date_gmt":"2026-01-13T19:38:49","guid":{"rendered":"https:\/\/tevalliparasols.com.tr\/our-bank-accounts\/"},"modified":"2026-01-22T13:46:38","modified_gmt":"2026-01-22T10:46:38","slug":"our-bank-accounts","status":"publish","type":"page","link":"https:\/\/tevalliparasols.com.tr\/en\/our-bank-accounts\/","title":{"rendered":"Our Bank Accounts"},"content":{"rendered":"\t\t<div data-elementor-type=\"wp-page\" data-elementor-id=\"12209\" class=\"elementor elementor-12209 elementor-11521\">\n\t\t\t\t<div class=\"wd-negative-gap elementor-element elementor-element-0432346 e-flex e-con-boxed e-con e-parent\" data-id=\"0432346\" data-element_type=\"container\" data-e-type=\"container\">\n\t\t\t\t\t<div class=\"e-con-inner\">\n\t\t\t\t<div class=\"elementor-element elementor-element-1fc935f wd-width-100 elementor-widget elementor-widget-wd_title\" data-id=\"1fc935f\" data-element_type=\"widget\" data-e-type=\"widget\" data-widget_type=\"wd_title.default\">\n\t\t\t\t<div class=\"elementor-widget-container\">\n\t\t\t\t\t\t\t<div class=\"title-wrapper wd-set-mb reset-last-child wd-title-color-default wd-title-style-default wd-title-size-default text-center\">\n\n\t\t\t\n\t\t\t<div class=\"liner-continer\">\n\t\t\t\t<h4 class=\"woodmart-title-container title wd-fontsize-l\">OUR BANK ACCOUNTS<\/h4> \n\t\t\t\t\t\t\t<\/div>\n\n\t\t\t\t\t<\/div>\n\t\t\t\t\t\t<\/div>\n\t\t\t\t<\/div>\n\t\t\t\t<div class=\"elementor-element elementor-element-d058fb2 elementor-widget elementor-widget-wd_image_or_svg\" data-id=\"d058fb2\" data-element_type=\"widget\" data-e-type=\"widget\" data-widget_type=\"wd_image_or_svg.default\">\n\t\t\t\t<div class=\"elementor-widget-container\">\n\t\t\t\t\t\n\t\t<div class=\"wd-image text-center\">\n\t\t\t\t\t\t\t\t<img loading=\"lazy\" decoding=\"async\" width=\"150\" height=\"75\" src=\"https:\/\/tevalliparasols.com.tr\/wp-content\/uploads\/2026\/01\/hALKBANK-150x75.webp\" class=\"attachment-150x size-150x\" alt=\"\" srcset=\"https:\/\/tevalliparasols.com.tr\/wp-content\/uploads\/2026\/01\/hALKBANK-150x75.webp 150w, https:\/\/tevalliparasols.com.tr\/wp-content\/uploads\/2026\/01\/hALKBANK-300x150.webp 300w, https:\/\/tevalliparasols.com.tr\/wp-content\/uploads\/2026\/01\/hALKBANK.webp 600w\" sizes=\"auto, (max-width: 150px) 100vw, 150px\" \/>\t\t\t\t\t<\/div>\n\n\t\t\t\t\t\t<\/div>\n\t\t\t\t<\/div>\n\t\t\t\t<div class=\"elementor-element elementor-element-27af38c elementor-widget elementor-widget-wd_text_block\" data-id=\"27af38c\" data-element_type=\"widget\" data-e-type=\"widget\" data-widget_type=\"wd_text_block.default\">\n\t\t\t\t<div class=\"elementor-widget-container\">\n\t\t\t\t\t\t\t<div class=\"wd-text-block reset-last-child text-center\">\n\t\t\t\n\t\t\t<p><strong>Branch:<\/strong> MERCAN BRANCH (9800)<br \/><strong>IBAN:<\/strong><br \/>TR46 0001 2009 8000 0010 2602 07<br \/><strong>Account No:<\/strong> 10260207<br \/><strong>Account Name:<\/strong> T\u00dcR\u015eEMSAN \u015eEMS\u0130YE PLAST\u0130K SAN T\u0130C.LTD.\u015eT\u0130.<\/p>\n\t\t\t\t\t<\/div>\n\t\t\t\t\t\t<\/div>\n\t\t\t\t<\/div>\n\t\t\t\t\t<\/div>\n\t\t\t\t<\/div>\n\t\t\t\t<\/div>\n\t\t","protected":false},"excerpt":{"rendered":"<p>OUR BANK ACCOUNTS Branch: MERCAN BRANCH (9800)IBAN:TR46 0001 2009 8000 0010 2602 07Account No: 10260207Account Name: T\u00dcR\u015eEMSAN \u015eEMS\u0130YE PLAST\u0130K SAN<\/p>\n","protected":false},"author":1,"featured_media":0,"parent":0,"menu_order":0,"comment_status":"closed","ping_status":"closed","template":"","meta":{"footnotes":""},"class_list":["post-12209","page","type-page","status-publish","hentry"],"_links":{"self":[{"href":"https:\/\/tevalliparasols.com.tr\/en\/wp-json\/wp\/v2\/pages\/12209","targetHints":{"allow":["GET"]}}],"collection":[{"href":"https:\/\/tevalliparasols.com.tr\/en\/wp-json\/wp\/v2\/pages"}],"about":[{"href":"https:\/\/tevalliparasols.com.tr\/en\/wp-json\/wp\/v2\/types\/page"}],"author":[{"embeddable":true,"href":"https:\/\/tevalliparasols.com.tr\/en\/wp-json\/wp\/v2\/users\/1"}],"replies":[{"embeddable":true,"href":"https:\/\/tevalliparasols.com.tr\/en\/wp-json\/wp\/v2\/comments?post=12209"}],"version-history":[{"count":3,"href":"https:\/\/tevalliparasols.com.tr\/en\/wp-json\/wp\/v2\/pages\/12209\/revisions"}],"predecessor-version":[{"id":12942,"href":"https:\/\/tevalliparasols.com.tr\/en\/wp-json\/wp\/v2\/pages\/12209\/revisions\/12942"}],"wp:attachment":[{"href":"https:\/\/tevalliparasols.com.tr\/en\/wp-json\/wp\/v2\/media?parent=12209"}],"curies":[{"name":"wp","href":"https:\/\/api.w.org\/{rel}","templated":true}]}}