{"id":12213,"date":"2021-11-22T12:15:56","date_gmt":"2021-11-22T09:15:56","guid":{"rendered":"https:\/\/tevalliparasols.com.tr\/privacy-policy\/"},"modified":"2026-01-22T13:49:52","modified_gmt":"2026-01-22T10:49:52","slug":"privacy-policy","status":"publish","type":"page","link":"https:\/\/tevalliparasols.com.tr\/en\/privacy-policy\/","title":{"rendered":"Privacy Policy"},"content":{"rendered":"\t\t<div data-elementor-type=\"wp-page\" data-elementor-id=\"12213\" class=\"elementor elementor-12213 elementor-11506\">\n\t\t\t\t<div class=\"wd-negative-gap elementor-element elementor-element-65f9e89 wd-section-stretch e-flex e-con-boxed e-con e-parent\" data-id=\"65f9e89\" data-element_type=\"container\" data-e-type=\"container\" data-settings=\"{&quot;background_background&quot;:&quot;classic&quot;}\">\n\t\t\t\t\t<div class=\"e-con-inner\">\n\t\t\t\t<div class=\"elementor-element elementor-element-d9ff0ae elementor-widget elementor-widget-wd_image_or_svg\" data-id=\"d9ff0ae\" data-element_type=\"widget\" data-e-type=\"widget\" data-widget_type=\"wd_image_or_svg.default\">\n\t\t\t\t<div class=\"elementor-widget-container\">\n\t\t\t\t\t\n\t\t<div class=\"wd-image text-center\">\n\t\t\t\t\t\t\t\t<img loading=\"lazy\" decoding=\"async\" width=\"150\" height=\"62\" src=\"https:\/\/tevalliparasols.com.tr\/wp-content\/uploads\/2026\/01\/Tevalli-Parasols-150x62.png\" class=\"attachment-150x size-150x\" alt=\"\" srcset=\"https:\/\/tevalliparasols.com.tr\/wp-content\/uploads\/2026\/01\/Tevalli-Parasols-150x62.png 150w, https:\/\/tevalliparasols.com.tr\/wp-content\/uploads\/2026\/01\/Tevalli-Parasols-300x123.png 300w, https:\/\/tevalliparasols.com.tr\/wp-content\/uploads\/2026\/01\/Tevalli-Parasols-768x316.png 768w, https:\/\/tevalliparasols.com.tr\/wp-content\/uploads\/2026\/01\/Tevalli-Parasols-600x247.png 600w, https:\/\/tevalliparasols.com.tr\/wp-content\/uploads\/2026\/01\/Tevalli-Parasols-80x33.png 80w, https:\/\/tevalliparasols.com.tr\/wp-content\/uploads\/2026\/01\/Tevalli-Parasols-120x49.png 120w, https:\/\/tevalliparasols.com.tr\/wp-content\/uploads\/2026\/01\/Tevalli-Parasols-70x29.png 70w, https:\/\/tevalliparasols.com.tr\/wp-content\/uploads\/2026\/01\/Tevalli-Parasols-100x41.png 100w, https:\/\/tevalliparasols.com.tr\/wp-content\/uploads\/2026\/01\/Tevalli-Parasols-200x82.png 200w, https:\/\/tevalliparasols.com.tr\/wp-content\/uploads\/2026\/01\/Tevalli-Parasols.png 922w\" sizes=\"auto, (max-width: 150px) 100vw, 150px\" \/>\t\t\t\t\t<\/div>\n\n\t\t\t\t\t\t<\/div>\n\t\t\t\t<\/div>\n\t\t\t\t<div class=\"elementor-element elementor-element-115ceb1 wd-width-100 elementor-widget elementor-widget-wd_title\" data-id=\"115ceb1\" data-element_type=\"widget\" data-e-type=\"widget\" data-widget_type=\"wd_title.default\">\n\t\t\t\t<div class=\"elementor-widget-container\">\n\t\t\t\t\t\t\t<div class=\"title-wrapper wd-set-mb reset-last-child wd-title-color-default wd-title-style-default wd-title-size-default text-center\">\n\n\t\t\t\n\t\t\t<div class=\"liner-continer\">\n\t\t\t\t<h4 class=\"woodmart-title-container title wd-fontsize-l\">PRIVACY POLICY<\/h4> \n\t\t\t\t\t\t\t<\/div>\n\n\t\t\t\t\t<\/div>\n\t\t\t\t\t\t<\/div>\n\t\t\t\t<\/div>\n\t\t\t\t<div class=\"elementor-element elementor-element-838e077 elementor-widget elementor-widget-wd_text_block\" data-id=\"838e077\" data-element_type=\"widget\" data-e-type=\"widget\" data-widget_type=\"wd_text_block.default\">\n\t\t\t\t<div class=\"elementor-widget-container\">\n\t\t\t\t\t\t\t<div class=\"wd-text-block reset-last-child text-center\">\n\t\t\t\n\t\t\t<p class=\"privacy-policy-h1\">Last Update Date: 09-Sep-2025<br \/>Effective Date: 09-Sep-2025<\/p>\n\t\t\t\t\t<\/div>\n\t\t\t\t\t\t<\/div>\n\t\t\t\t<\/div>\n\t\t\t\t\t<\/div>\n\t\t\t\t<\/div>\n\t\t<div class=\"wd-negative-gap elementor-element elementor-element-aa3f714 e-flex e-con-boxed e-con e-parent\" data-id=\"aa3f714\" data-element_type=\"container\" data-e-type=\"container\">\n\t\t\t\t\t<div class=\"e-con-inner\">\n\t\t\t\t<div class=\"elementor-element elementor-element-c8cd9b0 elementor-widget elementor-widget-wd_text_block\" data-id=\"c8cd9b0\" data-element_type=\"widget\" data-e-type=\"widget\" data-widget_type=\"wd_text_block.default\">\n\t\t\t\t<div class=\"elementor-widget-container\">\n\t\t\t\t\t\t\t<div class=\"wd-text-block reset-last-child text-center\">\n\t\t\t\n\t\t\t<p class=\"privacy-policy-p\">This Privacy Policy describes the policies of T\u00dcRKLER \u015eEMS\u0130YE G\u00d6LGELEND\u0130RME S\u0130STEMLER\u0130 VE MOB\u0130LYA SANAY\u0130 T\u0130CARET L\u0130M\u0130TED \u015e\u0130RKET\u0130, MERCAN MAH. TAC\u0130RHANE SK. EGE HAN NO: 27 \u0130\u00c7 KAPI NO: 4 FAT\u0130H\/ \u0130STANBUL, \u0130stanbul 34000, \u0130stanbul 34000, Turkey, e-mail: info@tevalli.com, phone: 0 555 960 85 73 regarding the collection, use and disclosure of your information that we collect when you use our website (https:\/\/tevalliparasols.com.tr) (\u201cService\u201d). By accessing or using the Service, you consent to the collection, use and disclosure of your information in accordance with this Privacy Policy. If you do not consent to this, please do not access or use the Service.<\/p><p>We may change this Privacy Policy at any time without prior notice to you, and we will post the revised Privacy Policy on the Service. The revised Policy will become effective 180 days after the date the revised Policy is posted on the Service, and your continued access to or use of the Service after that time will constitute your acceptance of the revised Privacy Policy. Therefore, we recommend that you review this page regularly.<\/p>\n\t\t\t\t\t<\/div>\n\t\t\t\t\t\t<\/div>\n\t\t\t\t<\/div>\n\t\t<div class=\"elementor-element elementor-element-639de48 e-con-full e-flex e-con e-child\" data-id=\"639de48\" data-element_type=\"container\" data-e-type=\"container\">\n\t\t\t\t<div class=\"elementor-element elementor-element-a15977a wd-width-100 elementor-widget elementor-widget-wd_title\" data-id=\"a15977a\" data-element_type=\"widget\" data-e-type=\"widget\" data-widget_type=\"wd_title.default\">\n\t\t\t\t<div class=\"elementor-widget-container\">\n\t\t\t\t\t\t\t<div class=\"title-wrapper wd-set-mb reset-last-child wd-title-color-default wd-title-style-default wd-title-size-small text-left\">\n\n\t\t\t\n\t\t\t<div class=\"liner-continer\">\n\t\t\t\t<h4 class=\"woodmart-title-container title wd-fontsize-m wd-underline-colored\"><u>1.<\/u> Information We Collected<\/h4> \n\t\t\t\t\t\t\t<\/div>\n\n\t\t\t\t\t<\/div>\n\t\t\t\t\t\t<\/div>\n\t\t\t\t<\/div>\n\t\t\t\t<div class=\"elementor-element elementor-element-63fea1a elementor-widget elementor-widget-wd_text_block\" data-id=\"63fea1a\" data-element_type=\"widget\" data-e-type=\"widget\" data-widget_type=\"wd_text_block.default\">\n\t\t\t\t<div class=\"elementor-widget-container\">\n\t\t\t\t\t\t\t<div class=\"wd-text-block reset-last-child text-left\">\n\t\t\t\n\t\t\t<p>We will collect and process the following personal information about you:<\/p><ol><li>Name<\/li><li>Email<\/li><li>Mobile<\/li><li>Date of Birth<\/li><li>Address<\/li><li>Business Address<\/li><li>Payment Information<\/li><\/ol>\n\t\t\t\t\t<\/div>\n\t\t\t\t\t\t<\/div>\n\t\t\t\t<\/div>\n\t\t\t\t<\/div>\n\t\t<div class=\"elementor-element elementor-element-354e95e e-con-full e-flex e-con e-child\" data-id=\"354e95e\" data-element_type=\"container\" data-e-type=\"container\">\n\t\t\t\t<div class=\"elementor-element elementor-element-e56a5bb wd-width-100 elementor-widget elementor-widget-wd_title\" data-id=\"e56a5bb\" data-element_type=\"widget\" data-e-type=\"widget\" data-widget_type=\"wd_title.default\">\n\t\t\t\t<div class=\"elementor-widget-container\">\n\t\t\t\t\t\t\t<div class=\"title-wrapper wd-set-mb reset-last-child wd-title-color-default wd-title-style-default wd-title-size-small text-left\">\n\n\t\t\t\n\t\t\t<div class=\"liner-continer\">\n\t\t\t\t<h4 class=\"woodmart-title-container title wd-fontsize-m wd-underline-colored\"><u>2.<\/u> Storing Your Information<\/h4> \n\t\t\t\t\t\t\t<\/div>\n\n\t\t\t\t\t<\/div>\n\t\t\t\t\t\t<\/div>\n\t\t\t\t<\/div>\n\t\t\t\t<div class=\"elementor-element elementor-element-d2ccfc7 elementor-widget elementor-widget-wd_text_block\" data-id=\"d2ccfc7\" data-element_type=\"widget\" data-e-type=\"widget\" data-widget_type=\"wd_text_block.default\">\n\t\t\t\t<div class=\"elementor-widget-container\">\n\t\t\t\t\t\t\t<div class=\"wd-text-block reset-last-child text-left\">\n\t\t\t\n\t\t\t<p>After users terminate their accounts, we will retain your personal information for a period of 90 days to 2 years, or for as long as we need to fulfill the purposes for which it was collected, as detailed in this Privacy Policy. We may need to retain certain information for longer periods for other legitimate reasons, such as record-keeping\/reporting in accordance with applicable laws or the enforcement of legal rights, fraud prevention, etc. Remaining anonymous and aggregated information that does not identify you (directly or indirectly) may be retained indefinitely.<\/p>\n\t\t\t\t\t<\/div>\n\t\t\t\t\t\t<\/div>\n\t\t\t\t<\/div>\n\t\t\t\t<\/div>\n\t\t<div class=\"elementor-element elementor-element-2091282 e-con-full e-flex e-con e-child\" data-id=\"2091282\" data-element_type=\"container\" data-e-type=\"container\">\n\t\t\t\t<div class=\"elementor-element elementor-element-029b7dd wd-width-100 elementor-widget elementor-widget-wd_title\" data-id=\"029b7dd\" data-element_type=\"widget\" data-e-type=\"widget\" data-widget_type=\"wd_title.default\">\n\t\t\t\t<div class=\"elementor-widget-container\">\n\t\t\t\t\t\t\t<div class=\"title-wrapper wd-set-mb reset-last-child wd-title-color-default wd-title-style-default wd-title-size-small text-left\">\n\n\t\t\t\n\t\t\t<div class=\"liner-continer\">\n\t\t\t\t<h4 class=\"woodmart-title-container title wd-fontsize-m wd-underline-colored\"><u>3.<\/u> Your Rights<\/h4> \n\t\t\t\t\t\t\t<\/div>\n\n\t\t\t\t\t<\/div>\n\t\t\t\t\t\t<\/div>\n\t\t\t\t<\/div>\n\t\t\t\t<div class=\"elementor-element elementor-element-17bd2fb elementor-widget elementor-widget-wd_text_block\" data-id=\"17bd2fb\" data-element_type=\"widget\" data-e-type=\"widget\" data-widget_type=\"wd_text_block.default\">\n\t\t\t\t<div class=\"elementor-widget-container\">\n\t\t\t\t\t\t\t<div class=\"wd-text-block reset-last-child text-left\">\n\t\t\t\n\t\t\t<p>Depending on applicable law, you may have the right to access, rectify or delete your personal data, or obtain a copy of your personal data, to restrict or object to the active processing of your data, to request that we share (transfer) your personal data with another organization, to withdraw any consent you have given us to process your data, to lodge a complaint with a legal authority, and other rights that may apply under applicable laws. To exercise these rights, you may write to info@tevalli.com. We will respond to your request in accordance with applicable laws.<\/p><p>Please note that if you do not consent to us collecting or processing your necessary personal information, or if you withdraw your consent to us processing that information for necessary purposes, you may not be able to access or use the services for which your information was requested.<\/p>\n\t\t\t\t\t<\/div>\n\t\t\t\t\t\t<\/div>\n\t\t\t\t<\/div>\n\t\t\t\t<\/div>\n\t\t<div class=\"elementor-element elementor-element-d574158 e-con-full e-flex e-con e-child\" data-id=\"d574158\" data-element_type=\"container\" data-e-type=\"container\">\n\t\t\t\t<div class=\"elementor-element elementor-element-9a37f22 wd-width-100 elementor-widget elementor-widget-wd_title\" data-id=\"9a37f22\" data-element_type=\"widget\" data-e-type=\"widget\" data-widget_type=\"wd_title.default\">\n\t\t\t\t<div class=\"elementor-widget-container\">\n\t\t\t\t\t\t\t<div class=\"title-wrapper wd-set-mb reset-last-child wd-title-color-default wd-title-style-default wd-title-size-small text-left\">\n\n\t\t\t\n\t\t\t<div class=\"liner-continer\">\n\t\t\t\t<h4 class=\"woodmart-title-container title wd-fontsize-m wd-underline-colored\"><u>4.<\/u> Cookies<\/h4> \n\t\t\t\t\t\t\t<\/div>\n\n\t\t\t\t\t<\/div>\n\t\t\t\t\t\t<\/div>\n\t\t\t\t<\/div>\n\t\t\t\t<div class=\"elementor-element elementor-element-cb2b5e1 elementor-widget elementor-widget-wd_text_block\" data-id=\"cb2b5e1\" data-element_type=\"widget\" data-e-type=\"widget\" data-widget_type=\"wd_text_block.default\">\n\t\t\t\t<div class=\"elementor-widget-container\">\n\t\t\t\t\t\t\t<div class=\"wd-text-block reset-last-child text-left\">\n\t\t\t\n\t\t\t<p>To learn more about how we use these and your preferences regarding these tracking technologies, please see our <a href=\"https:\/\/tevalliparasols.com.tr\/\">Cookie Policy.<\/a><\/p>\n\t\t\t\t\t<\/div>\n\t\t\t\t\t\t<\/div>\n\t\t\t\t<\/div>\n\t\t\t\t<\/div>\n\t\t<div class=\"elementor-element elementor-element-f4a9a34 e-con-full e-flex e-con e-child\" data-id=\"f4a9a34\" data-element_type=\"container\" data-e-type=\"container\">\n\t\t\t\t<div class=\"elementor-element elementor-element-bcf8d69 wd-width-100 elementor-widget elementor-widget-wd_title\" data-id=\"bcf8d69\" data-element_type=\"widget\" data-e-type=\"widget\" data-widget_type=\"wd_title.default\">\n\t\t\t\t<div class=\"elementor-widget-container\">\n\t\t\t\t\t\t\t<div class=\"title-wrapper wd-set-mb reset-last-child wd-title-color-default wd-title-style-default wd-title-size-small text-left\">\n\n\t\t\t\n\t\t\t<div class=\"liner-continer\">\n\t\t\t\t<h4 class=\"woodmart-title-container title wd-fontsize-m wd-underline-colored\"><u>5.<\/u> Security<\/h4> \n\t\t\t\t\t\t\t<\/div>\n\n\t\t\t\t\t<\/div>\n\t\t\t\t\t\t<\/div>\n\t\t\t\t<\/div>\n\t\t\t\t<div class=\"elementor-element elementor-element-fc99148 elementor-widget elementor-widget-wd_text_block\" data-id=\"fc99148\" data-element_type=\"widget\" data-e-type=\"widget\" data-widget_type=\"wd_text_block.default\">\n\t\t\t\t<div class=\"elementor-widget-container\">\n\t\t\t\t\t\t\t<div class=\"wd-text-block reset-last-child text-left\">\n\t\t\t\n\t\t\t<p>The security of your information is important to us, and we will use reasonable security measures to prevent the loss, misuse, or unauthorized alteration of information under our control. However, given the risks involved, we cannot guarantee absolute security, and therefore we cannot guarantee the security of any information you transmit to us; you do so at your own risk.<\/p>\n\t\t\t\t\t<\/div>\n\t\t\t\t\t\t<\/div>\n\t\t\t\t<\/div>\n\t\t\t\t<\/div>\n\t\t<div class=\"elementor-element elementor-element-105314a e-con-full e-flex e-con e-child\" data-id=\"105314a\" data-element_type=\"container\" data-e-type=\"container\">\n\t\t\t\t<div class=\"elementor-element elementor-element-352b07a wd-width-100 elementor-widget elementor-widget-wd_title\" data-id=\"352b07a\" data-element_type=\"widget\" data-e-type=\"widget\" data-widget_type=\"wd_title.default\">\n\t\t\t\t<div class=\"elementor-widget-container\">\n\t\t\t\t\t\t\t<div class=\"title-wrapper wd-set-mb reset-last-child wd-title-color-default wd-title-style-default wd-title-size-small text-left\">\n\n\t\t\t\n\t\t\t<div class=\"liner-continer\">\n\t\t\t\t<h4 class=\"woodmart-title-container title wd-fontsize-m wd-underline-colored\"><u>6.<\/u> Third-Party Links and Use of Your Information<\/h4> \n\t\t\t\t\t\t\t<\/div>\n\n\t\t\t\t\t<\/div>\n\t\t\t\t\t\t<\/div>\n\t\t\t\t<\/div>\n\t\t\t\t<div class=\"elementor-element elementor-element-6d51875 elementor-widget elementor-widget-wd_text_block\" data-id=\"6d51875\" data-element_type=\"widget\" data-e-type=\"widget\" data-widget_type=\"wd_text_block.default\">\n\t\t\t\t<div class=\"elementor-widget-container\">\n\t\t\t\t\t\t\t<div class=\"wd-text-block reset-last-child text-left\">\n\t\t\t\n\t\t\t<p>Our Service may contain links to other websites not operated by us. This Privacy Policy does not cover the privacy policy and other practices of any third party, including any third party operating a website or service accessible through a link on the Service. We strongly advise you to review the privacy policy of any site you visit. We have no control over and assume no responsibility for the content, privacy policies, or practices of any third-party site or service.<\/p>\n\t\t\t\t\t<\/div>\n\t\t\t\t\t\t<\/div>\n\t\t\t\t<\/div>\n\t\t\t\t<\/div>\n\t\t<div class=\"elementor-element elementor-element-7bb22a4 e-con-full e-flex e-con e-child\" data-id=\"7bb22a4\" data-element_type=\"container\" data-e-type=\"container\">\n\t\t\t\t<div class=\"elementor-element elementor-element-5849db8 wd-width-100 elementor-widget elementor-widget-wd_title\" data-id=\"5849db8\" data-element_type=\"widget\" data-e-type=\"widget\" data-widget_type=\"wd_title.default\">\n\t\t\t\t<div class=\"elementor-widget-container\">\n\t\t\t\t\t\t\t<div class=\"title-wrapper wd-set-mb reset-last-child wd-title-color-default wd-title-style-default wd-title-size-small text-left\">\n\n\t\t\t\n\t\t\t<div class=\"liner-continer\">\n\t\t\t\t<h4 class=\"woodmart-title-container title wd-fontsize-m wd-underline-colored\"><u>7.<\/u> Complaint \/ Data Protection Officer<\/h4> \n\t\t\t\t\t\t\t<\/div>\n\n\t\t\t\t\t<\/div>\n\t\t\t\t\t\t<\/div>\n\t\t\t\t<\/div>\n\t\t\t\t<div class=\"elementor-element elementor-element-6749d1b elementor-widget elementor-widget-wd_text_block\" data-id=\"6749d1b\" data-element_type=\"widget\" data-e-type=\"widget\" data-widget_type=\"wd_text_block.default\">\n\t\t\t\t<div class=\"elementor-widget-container\">\n\t\t\t\t\t\t\t<div class=\"wd-text-block reset-last-child text-left\">\n\t\t\t\n\t\t\t<p>If you have any questions or concerns regarding the processing of your information in our possession, you may email our Complaints Officer at T\u00dcRKLER \u015eEMS\u0130YE G\u00d6LGELEND\u0130RME S\u0130STEMLER\u0130 VE MOB\u0130LYA SANAY\u0130 T\u0130CARET L\u0130M\u0130TED \u015e\u0130RKET\u0130, located at MERCAN MAH. TAC\u0130RHANE SK. EGE HAN NO: 27 \u0130\u00c7 KAPI NO: 4 FAT\u0130H\/ \u0130STANBUL, \u0130stanbul 34000, or email: info@tevalli.com. We will address your concerns in accordance with applicable laws.<\/p>\n\t\t\t\t\t<\/div>\n\t\t\t\t\t\t<\/div>\n\t\t\t\t<\/div>\n\t\t\t\t<\/div>\n\t\t\t\t\t<\/div>\n\t\t\t\t<\/div>\n\t\t\t\t<\/div>\n\t\t","protected":false},"excerpt":{"rendered":"<p>PRIVACY POLICY Last Update Date: 09-Sep-2025Effective Date: 09-Sep-2025 This Privacy Policy describes the policies of T\u00dcRKLER \u015eEMS\u0130YE G\u00d6LGELEND\u0130RME S\u0130STEMLER\u0130 VE<\/p>\n","protected":false},"author":1,"featured_media":0,"parent":0,"menu_order":0,"comment_status":"closed","ping_status":"closed","template":"","meta":{"footnotes":""},"class_list":["post-12213","page","type-page","status-publish","hentry"],"_links":{"self":[{"href":"https:\/\/tevalliparasols.com.tr\/en\/wp-json\/wp\/v2\/pages\/12213","targetHints":{"allow":["GET"]}}],"collection":[{"href":"https:\/\/tevalliparasols.com.tr\/en\/wp-json\/wp\/v2\/pages"}],"about":[{"href":"https:\/\/tevalliparasols.com.tr\/en\/wp-json\/wp\/v2\/types\/page"}],"author":[{"embeddable":true,"href":"https:\/\/tevalliparasols.com.tr\/en\/wp-json\/wp\/v2\/users\/1"}],"replies":[{"embeddable":true,"href":"https:\/\/tevalliparasols.com.tr\/en\/wp-json\/wp\/v2\/comments?post=12213"}],"version-history":[{"count":3,"href":"https:\/\/tevalliparasols.com.tr\/en\/wp-json\/wp\/v2\/pages\/12213\/revisions"}],"predecessor-version":[{"id":12945,"href":"https:\/\/tevalliparasols.com.tr\/en\/wp-json\/wp\/v2\/pages\/12213\/revisions\/12945"}],"wp:attachment":[{"href":"https:\/\/tevalliparasols.com.tr\/en\/wp-json\/wp\/v2\/media?parent=12213"}],"curies":[{"name":"wp","href":"https:\/\/api.w.org\/{rel}","templated":true}]}}